{"id":983,"date":"2022-07-25T11:00:16","date_gmt":"2022-07-25T16:00:16","guid":{"rendered":"https:\/\/studiaton.co\/home\/?page_id=983"},"modified":"2025-08-14T08:16:45","modified_gmt":"2025-08-14T13:16:45","slug":"contactanos","status":"publish","type":"page","link":"https:\/\/studiaton.co\/home\/contactanos\/","title":{"rendered":"CONT\u00c1CTENOS"},"content":{"rendered":"\t\t<div data-elementor-type=\"wp-page\" data-elementor-id=\"983\" class=\"elementor elementor-983\" data-elementor-post-type=\"page\">\n\t\t\t\t<div class=\"elementor-element elementor-element-8ea738e e-flex e-con-boxed e-con e-parent\" data-id=\"8ea738e\" data-element_type=\"container\" data-e-type=\"container\">\n\t\t\t\t\t<div class=\"e-con-inner\">\n\t\t\t\t<div class=\"elementor-element elementor-element-84017b5 elementor-hidden-tablet elementor-hidden-mobile elementor-widget elementor-widget-google_maps\" data-id=\"84017b5\" data-element_type=\"widget\" data-e-type=\"widget\" data-widget_type=\"google_maps.default\">\n\t\t\t\t<div class=\"elementor-widget-container\">\n\t\t\t\t\t\t\t<div class=\"elementor-custom-embed\">\n\t\t\t<iframe loading=\"lazy\"\n\t\t\t\t\tsrc=\"https:\/\/maps.google.com\/maps?q=Corporaci%C3%B3n%20Universitaria%20Americana&#038;t=m&#038;z=15&#038;output=embed&#038;iwloc=near\"\n\t\t\t\t\ttitle=\"Corporaci\u00f3n Universitaria Americana\"\n\t\t\t\t\taria-label=\"Corporaci\u00f3n Universitaria Americana\"\n\t\t\t><\/iframe>\n\t\t<\/div>\n\t\t\t\t\t\t<\/div>\n\t\t\t\t<\/div>\n\t\t\t\t\t<\/div>\n\t\t\t\t<\/div>\n\t\t<div class=\"elementor-element elementor-element-4816dcd e-flex e-con-boxed e-con e-parent\" data-id=\"4816dcd\" data-element_type=\"container\" data-e-type=\"container\">\n\t\t\t\t\t<div class=\"e-con-inner\">\n\t\t<div class=\"elementor-element elementor-element-88efc59 e-grid e-con-full e-con e-child\" data-id=\"88efc59\" data-element_type=\"container\" data-e-type=\"container\">\n\t\t<div class=\"elementor-element elementor-element-bed155d e-con-full e-flex e-con e-child\" data-id=\"bed155d\" data-element_type=\"container\" data-e-type=\"container\" data-settings=\"{&quot;background_background&quot;:&quot;classic&quot;}\">\n\t\t\t\t<div class=\"elementor-element elementor-element-7d9bb58 elementor-widget elementor-widget-image\" data-id=\"7d9bb58\" data-element_type=\"widget\" data-e-type=\"widget\" data-widget_type=\"image.default\">\n\t\t\t\t<div class=\"elementor-widget-container\">\n\t\t\t\t\t\t\t\t\t\t\t\t\t\t\t<img decoding=\"async\" width=\"136\" height=\"132\" src=\"https:\/\/studiaton.co\/home\/wp-content\/uploads\/2024\/09\/Group-98.png\" class=\"attachment-large size-large wp-image-3990\" alt=\"\" \/>\t\t\t\t\t\t\t\t\t\t\t\t\t\t\t<\/div>\n\t\t\t\t<\/div>\n\t\t\t\t<div class=\"elementor-element elementor-element-96ef3b7 elementor-widget elementor-widget-text-editor\" data-id=\"96ef3b7\" data-element_type=\"widget\" data-e-type=\"widget\" data-widget_type=\"text-editor.default\">\n\t\t\t\t<div class=\"elementor-widget-container\">\n\t\t\t\t\t\t\t\t\t<p><strong>Ericka Mu\u00f1oz S\u00e1nchez<\/strong><br \/>Directora de Proyecci\u00f3n Social, Sede Barranquilla<\/p><p><strong>Vicerrector\u00eda Acad\u00e9mica<\/strong><\/p>\t\t\t\t\t\t\t\t<\/div>\n\t\t\t\t<\/div>\n\t\t\t\t<\/div>\n\t\t<div class=\"elementor-element elementor-element-50738df e-con-full e-flex e-con e-child\" data-id=\"50738df\" data-element_type=\"container\" data-e-type=\"container\" data-settings=\"{&quot;background_background&quot;:&quot;classic&quot;}\">\n\t\t\t\t<div class=\"elementor-element elementor-element-3714f16 elementor-widget elementor-widget-image\" data-id=\"3714f16\" data-element_type=\"widget\" data-e-type=\"widget\" data-widget_type=\"image.default\">\n\t\t\t\t<div class=\"elementor-widget-container\">\n\t\t\t\t\t\t\t\t\t\t\t\t\t\t\t<img decoding=\"async\" width=\"136\" height=\"132\" src=\"https:\/\/studiaton.co\/home\/wp-content\/uploads\/2024\/09\/gps.png\" class=\"attachment-large size-large wp-image-3992\" alt=\"\" \/>\t\t\t\t\t\t\t\t\t\t\t\t\t\t\t<\/div>\n\t\t\t\t<\/div>\n\t\t\t\t<div class=\"elementor-element elementor-element-d467d16 elementor-widget elementor-widget-text-editor\" data-id=\"d467d16\" data-element_type=\"widget\" data-e-type=\"widget\" data-widget_type=\"text-editor.default\">\n\t\t\t\t<div class=\"elementor-widget-container\">\n\t\t\t\t\t\t\t\t\t<p><strong>Direcci\u00f3n\u00a0<\/strong><\/p><p>Corporaci\u00f3n Universitaria Americana- Edificio Prado\u2028<br \/>Cra 53\u00a0#64-142<\/p>\t\t\t\t\t\t\t\t<\/div>\n\t\t\t\t<\/div>\n\t\t\t\t<\/div>\n\t\t<div class=\"elementor-element elementor-element-98f1f04 e-con-full e-flex e-con e-child\" data-id=\"98f1f04\" data-element_type=\"container\" data-e-type=\"container\" data-settings=\"{&quot;background_background&quot;:&quot;classic&quot;}\">\n\t\t\t\t<div class=\"elementor-element elementor-element-e1fd4e2 elementor-widget elementor-widget-image\" data-id=\"e1fd4e2\" data-element_type=\"widget\" data-e-type=\"widget\" data-widget_type=\"image.default\">\n\t\t\t\t<div class=\"elementor-widget-container\">\n\t\t\t\t\t\t\t\t\t\t\t\t\t\t\t<img decoding=\"async\" width=\"136\" height=\"132\" src=\"https:\/\/studiaton.co\/home\/wp-content\/uploads\/2024\/09\/correo.png\" class=\"attachment-large size-large wp-image-3993\" alt=\"\" \/>\t\t\t\t\t\t\t\t\t\t\t\t\t\t\t<\/div>\n\t\t\t\t<\/div>\n\t\t\t\t<div class=\"elementor-element elementor-element-c93d276 elementor-widget elementor-widget-text-editor\" data-id=\"c93d276\" data-element_type=\"widget\" data-e-type=\"widget\" data-widget_type=\"text-editor.default\">\n\t\t\t\t<div class=\"elementor-widget-container\">\n\t\t\t\t\t\t\t\t\t<p><strong>Correo electr\u00f3nico<\/strong><br \/>\u00a0<br \/>studiaton@americana.edu.co<\/p>\t\t\t\t\t\t\t\t<\/div>\n\t\t\t\t<\/div>\n\t\t\t\t<\/div>\n\t\t<div class=\"elementor-element elementor-element-9be5f59 e-con-full e-flex e-con e-child\" data-id=\"9be5f59\" data-element_type=\"container\" data-e-type=\"container\" data-settings=\"{&quot;background_background&quot;:&quot;classic&quot;}\">\n\t\t\t\t<div class=\"elementor-element elementor-element-4c5f709 elementor-widget elementor-widget-image\" data-id=\"4c5f709\" data-element_type=\"widget\" data-e-type=\"widget\" data-widget_type=\"image.default\">\n\t\t\t\t<div class=\"elementor-widget-container\">\n\t\t\t\t\t\t\t\t\t\t\t\t\t\t\t<img loading=\"lazy\" decoding=\"async\" width=\"136\" height=\"132\" src=\"https:\/\/studiaton.co\/home\/wp-content\/uploads\/2024\/09\/telefono.png\" class=\"attachment-large size-large wp-image-3994\" alt=\"\" \/>\t\t\t\t\t\t\t\t\t\t\t\t\t\t\t<\/div>\n\t\t\t\t<\/div>\n\t\t\t\t<div class=\"elementor-element elementor-element-65dc4f6 elementor-widget elementor-widget-text-editor\" data-id=\"65dc4f6\" data-element_type=\"widget\" data-e-type=\"widget\" data-widget_type=\"text-editor.default\">\n\t\t\t\t<div class=\"elementor-widget-container\">\n\t\t\t\t\t\t\t\t\t<p><strong>Tel\u00e9fonos<\/strong><\/p><p>+ 57 605 3851027<br \/>Extensiones: <strong>507 y\u00a0850<\/strong><br \/>3228894934\u00a0<\/p>\t\t\t\t\t\t\t\t<\/div>\n\t\t\t\t<\/div>\n\t\t\t\t<\/div>\n\t\t<div class=\"elementor-element elementor-element-c209531 e-con-full e-flex e-con e-child\" data-id=\"c209531\" data-element_type=\"container\" data-e-type=\"container\" data-settings=\"{&quot;background_background&quot;:&quot;classic&quot;}\">\n\t\t\t\t<div class=\"elementor-element elementor-element-c032285 elementor-widget elementor-widget-image\" data-id=\"c032285\" data-element_type=\"widget\" data-e-type=\"widget\" data-widget_type=\"image.default\">\n\t\t\t\t<div class=\"elementor-widget-container\">\n\t\t\t\t\t\t\t\t\t\t\t\t\t\t\t<img loading=\"lazy\" decoding=\"async\" width=\"136\" height=\"132\" src=\"https:\/\/studiaton.co\/home\/wp-content\/uploads\/2024\/09\/Group-102.png\" class=\"attachment-large size-large wp-image-3995\" alt=\"\" \/>\t\t\t\t\t\t\t\t\t\t\t\t\t\t\t<\/div>\n\t\t\t\t<\/div>\n\t\t\t\t<div class=\"elementor-element elementor-element-0b13921 elementor-widget elementor-widget-text-editor\" data-id=\"0b13921\" data-element_type=\"widget\" data-e-type=\"widget\" data-widget_type=\"text-editor.default\">\n\t\t\t\t<div class=\"elementor-widget-container\">\n\t\t\t\t\t\t\t\t\t<p><strong>Redes sociales<\/strong><\/p><p><strong>Instagram<\/strong>: <br \/>@americana_solidaria <br \/><strong>Facebook<\/strong>:\u2028<br \/>Americana Solidaria<\/p>\t\t\t\t\t\t\t\t<\/div>\n\t\t\t\t<\/div>\n\t\t\t\t<\/div>\n\t\t\t\t<\/div>\n\t\t\t\t\t<\/div>\n\t\t\t\t<\/div>\n\t\t\t\t<\/div>\n\t\t","protected":false},"excerpt":{"rendered":"<p>Ericka Mu\u00f1oz S\u00e1nchezDirectora de Proyecci\u00f3n Social, Sede Barranquilla Vicerrector\u00eda Acad\u00e9mica Direcci\u00f3n\u00a0 Corporaci\u00f3n Universitaria Americana- Edificio Prado\u2028Cra 53\u00a0#64-142 Correo electr\u00f3nico\u00a0studiaton@americana.edu.co Tel\u00e9fonos + 57 605 3851027Extensiones: 507 y\u00a08503228894934\u00a0 Redes sociales Instagram: @americana_solidaria Facebook:\u2028Americana Solidaria<\/p>\n","protected":false},"author":1,"featured_media":0,"parent":0,"menu_order":0,"comment_status":"closed","ping_status":"closed","template":"","meta":{"_acf_changed":false,"footnotes":""},"class_list":["post-983","page","type-page","status-publish","hentry"],"acf":[],"_links":{"self":[{"href":"https:\/\/studiaton.co\/home\/wp-json\/wp\/v2\/pages\/983","targetHints":{"allow":["GET"]}}],"collection":[{"href":"https:\/\/studiaton.co\/home\/wp-json\/wp\/v2\/pages"}],"about":[{"href":"https:\/\/studiaton.co\/home\/wp-json\/wp\/v2\/types\/page"}],"author":[{"embeddable":true,"href":"https:\/\/studiaton.co\/home\/wp-json\/wp\/v2\/users\/1"}],"replies":[{"embeddable":true,"href":"https:\/\/studiaton.co\/home\/wp-json\/wp\/v2\/comments?post=983"}],"version-history":[{"count":15,"href":"https:\/\/studiaton.co\/home\/wp-json\/wp\/v2\/pages\/983\/revisions"}],"predecessor-version":[{"id":6174,"href":"https:\/\/studiaton.co\/home\/wp-json\/wp\/v2\/pages\/983\/revisions\/6174"}],"wp:attachment":[{"href":"https:\/\/studiaton.co\/home\/wp-json\/wp\/v2\/media?parent=983"}],"curies":[{"name":"wp","href":"https:\/\/api.w.org\/{rel}","templated":true}]}}