{"id":671,"date":"2022-07-22T10:58:35","date_gmt":"2022-07-22T15:58:35","guid":{"rendered":"https:\/\/studiaton.co\/home\/?page_id=671"},"modified":"2025-10-14T17:47:33","modified_gmt":"2025-10-14T22:47:33","slug":"donar","status":"publish","type":"page","link":"https:\/\/studiaton.co\/home\/donar\/","title":{"rendered":"DONAR"},"content":{"rendered":"\t\t<div data-elementor-type=\"wp-page\" data-elementor-id=\"671\" class=\"elementor elementor-671\" data-elementor-post-type=\"page\">\n\t\t\t\t<div class=\"elementor-element elementor-element-3b291a2 elementor-hidden-mobile elementor-hidden-desktop elementor-hidden-tablet e-flex e-con-boxed e-con e-parent\" data-id=\"3b291a2\" data-element_type=\"container\" data-e-type=\"container\">\n\t\t\t\t\t<div class=\"e-con-inner\">\n\t\t<div class=\"elementor-element elementor-element-44b5e85 e-con-full e-flex e-con e-child\" data-id=\"44b5e85\" data-element_type=\"container\" data-e-type=\"container\" data-settings=\"{&quot;background_background&quot;:&quot;classic&quot;}\">\n\t\t<div class=\"elementor-element elementor-element-d1e9995 e-con-full e-flex e-con e-child\" data-id=\"d1e9995\" data-element_type=\"container\" data-e-type=\"container\">\n\t\t\t\t<div class=\"elementor-element elementor-element-7724a5c elementor-widget elementor-widget-image\" data-id=\"7724a5c\" data-element_type=\"widget\" data-e-type=\"widget\" data-widget_type=\"image.default\">\n\t\t\t\t<div class=\"elementor-widget-container\">\n\t\t\t\t\t\t\t\t\t\t\t\t\t\t\t<img decoding=\"async\" width=\"311\" height=\"85\" src=\"https:\/\/studiaton.co\/home\/wp-content\/uploads\/2024\/07\/logo-studiaton-blanco.png\" class=\"attachment-full size-full wp-image-3617\" alt=\"\" srcset=\"https:\/\/studiaton.co\/home\/wp-content\/uploads\/2024\/07\/logo-studiaton-blanco.png 311w, https:\/\/studiaton.co\/home\/wp-content\/uploads\/2024\/07\/logo-studiaton-blanco-300x82.png 300w\" sizes=\"(max-width: 311px) 100vw, 311px\" \/>\t\t\t\t\t\t\t\t\t\t\t\t\t\t\t<\/div>\n\t\t\t\t<\/div>\n\t\t<div class=\"elementor-element elementor-element-35fd892 e-con-full elementor-hidden-mobile e-flex e-con e-child\" data-id=\"35fd892\" data-element_type=\"container\" data-e-type=\"container\">\n\t\t\t\t<div class=\"elementor-element elementor-element-34a164e eael_simple_menu_hamburger_disable_selected_menu_no eael-simple-menu-hamburger-align-right eael-hamburger--tablet elementor-widget elementor-widget-eael-simple-menu\" data-id=\"34a164e\" data-element_type=\"widget\" data-e-type=\"widget\" data-widget_type=\"eael-simple-menu.default\">\n\t\t\t\t<div class=\"elementor-widget-container\">\n\t\t\t\t\t<style>\n                        @media screen and (max-width: 1024px) {\n                            .eael-hamburger--tablet {\n                                .eael-simple-menu-horizontal,\n                                .eael-simple-menu-vertical {\n                                    display: none;\n                                }\n                            }\n                            .eael-hamburger--tablet {\n                                .eael-simple-menu-container .eael-simple-menu-toggle {\n                                    display: block;\n                                }\n                            }\n                        }\n                    <\/style>            <div data-hamburger-icon=\"&lt;i aria-hidden=&quot;true&quot; class=&quot;fas fa-bars&quot;&gt;&lt;\/i&gt;\" data-indicator-icon=\"&lt;i aria-hidden=&quot;true&quot; class=&quot;fas fa-angle-down&quot;&gt;&lt;\/i&gt;\" data-dropdown-indicator-icon=\"&lt;i class=&quot;fas fa-angle-down&quot;&gt;&lt;\/i&gt;\" class=\"eael-simple-menu-container eael-simple-menu-align-center eael-simple-menu-dropdown-align-left preset-1\" data-hamburger-breakpoints=\"{&quot;mobile&quot;:&quot;Mobile Portrait (&gt; 767px)&quot;,&quot;tablet&quot;:&quot;Tablet Portrait (&gt; 1024px)&quot;,&quot;desktop&quot;:&quot;Desktop (&gt; 2400px)&quot;,&quot;none&quot;:&quot;Ninguno&quot;}\" data-hamburger-device=\"tablet\">\n                <ul id=\"menu-nuevomenu5-0\" class=\"eael-simple-menu eael-simple-menu-dropdown-animate-to-top eael-simple-menu-indicator eael-simple-menu-horizontal\"><li id=\"menu-item-3621\" class=\"menu-item menu-item-type-post_type menu-item-object-page menu-item-home menu-item-3621\"><a href=\"https:\/\/studiaton.co\/home\/\">Inicio<\/a><\/li>\n<li id=\"menu-item-3622\" class=\"menu-item menu-item-type-post_type menu-item-object-page menu-item-3622\"><a href=\"https:\/\/studiaton.co\/home\/proposito\/\">Prop\u00f3sito<\/a><\/li>\n<li id=\"menu-item-4137\" class=\"menu-item menu-item-type-post_type menu-item-object-page menu-item-4137\"><a href=\"https:\/\/studiaton.co\/home\/historia\/\">Historias<\/a><\/li>\n<li id=\"menu-item-4005\" class=\"menu-item menu-item-type-custom menu-item-object-custom menu-item-4005\"><a href=\"https:\/\/studiaton.co\/home\/homenew\/#hallStudiaton\">Hall<\/a><\/li>\n<li id=\"menu-item-3623\" class=\"menu-item menu-item-type-post_type menu-item-object-page menu-item-3623\"><a href=\"https:\/\/studiaton.co\/home\/contactanos\/\">Cont\u00e1ctanos<\/a><\/li>\n<li id=\"menu-item-3625\" class=\"menu-item menu-item-type-custom menu-item-object-custom menu-item-3625\"><a href=\"http:\/\/studiaton.co\/home\/homenew\/#blogstudiaton\">Blog<\/a><\/li>\n<\/ul>                <button class=\"eael-simple-menu-toggle\">\n                    <span class=\"sr-only \">Hamburger Toggle Menu<\/span>\n                    <i aria-hidden=\"true\" class=\"fas fa-bars\"><\/i>                <\/button>\n            <\/div>\n            \t\t\t\t<\/div>\n\t\t\t\t<\/div>\n\t\t\t\t<div class=\"elementor-element elementor-element-fa18587 elementor-hidden-mobile elementor-hidden-desktop elementor-hidden-tablet elementor-widget elementor-widget-button\" data-id=\"fa18587\" data-element_type=\"widget\" data-e-type=\"widget\" data-widget_type=\"button.default\">\n\t\t\t\t<div class=\"elementor-widget-container\">\n\t\t\t\t\t\t\t\t\t<div class=\"elementor-button-wrapper\">\n\t\t\t\t\t<a class=\"elementor-button elementor-button-link elementor-size-sm\" href=\"https:\/\/studiaton.co\/home\/donar\/\">\n\t\t\t\t\t\t<span class=\"elementor-button-content-wrapper\">\n\t\t\t\t\t\t\t\t\t<span class=\"elementor-button-text\">Donar<\/span>\n\t\t\t\t\t<\/span>\n\t\t\t\t\t<\/a>\n\t\t\t\t<\/div>\n\t\t\t\t\t\t\t\t<\/div>\n\t\t\t\t<\/div>\n\t\t\t\t<\/div>\n\t\t\t\t<\/div>\n\t\t\t\t<\/div>\n\t\t\t\t\t<\/div>\n\t\t\t\t<\/div>\n\t\t<div class=\"elementor-element elementor-element-39bbd07 elementor-hidden-desktop elementor-hidden-tablet elementor-hidden-mobile e-flex e-con-boxed e-con e-parent\" data-id=\"39bbd07\" data-element_type=\"container\" data-e-type=\"container\">\n\t\t\t\t\t<div class=\"e-con-inner\">\n\t\t<div class=\"elementor-element elementor-element-124bf67 e-con-full e-flex e-con e-child\" data-id=\"124bf67\" data-element_type=\"container\" data-e-type=\"container\" data-settings=\"{&quot;background_background&quot;:&quot;classic&quot;}\">\n\t\t\t\t<div class=\"elementor-element elementor-element-7173cae elementor-hidden-desktop elementor-hidden-tablet elementor-widget elementor-widget-button\" data-id=\"7173cae\" data-element_type=\"widget\" data-e-type=\"widget\" data-widget_type=\"button.default\">\n\t\t\t\t<div class=\"elementor-widget-container\">\n\t\t\t\t\t\t\t\t\t<div class=\"elementor-button-wrapper\">\n\t\t\t\t\t<a class=\"elementor-button elementor-button-link elementor-size-sm\" href=\"https:\/\/studiaton.co\/home\/donar\/\">\n\t\t\t\t\t\t<span class=\"elementor-button-content-wrapper\">\n\t\t\t\t\t\t\t\t\t<span class=\"elementor-button-text\">Donar<\/span>\n\t\t\t\t\t<\/span>\n\t\t\t\t\t<\/a>\n\t\t\t\t<\/div>\n\t\t\t\t\t\t\t\t<\/div>\n\t\t\t\t<\/div>\n\t\t\t\t<div class=\"elementor-element elementor-element-bed6eab elementor-view-default elementor-widget elementor-widget-icon\" data-id=\"bed6eab\" data-element_type=\"widget\" data-e-type=\"widget\" data-widget_type=\"icon.default\">\n\t\t\t\t<div class=\"elementor-widget-container\">\n\t\t\t\t\t\t\t<div class=\"elementor-icon-wrapper\">\n\t\t\t<a class=\"elementor-icon\" href=\"#elementor-action%3Aaction%3Dpopup%3Aopen%26settings%3DeyJpZCI6IjEyMDMiLCJ0b2dnbGUiOmZhbHNlfQ%3D%3D\">\n\t\t\t<i aria-hidden=\"true\" class=\"fas fa-bars\"><\/i>\t\t\t<\/a>\n\t\t<\/div>\n\t\t\t\t\t\t<\/div>\n\t\t\t\t<\/div>\n\t\t\t\t<\/div>\n\t\t\t\t\t<\/div>\n\t\t\t\t<\/div>\n\t\t<div class=\"elementor-element elementor-element-809089c elementor-hidden-tablet elementor-hidden-mobile e-flex e-con-boxed e-con e-parent\" data-id=\"809089c\" data-element_type=\"container\" data-e-type=\"container\">\n\t\t\t\t\t<div class=\"e-con-inner\">\n\t\t\t\t<div class=\"elementor-element elementor-element-7784ce4 elementor-widget elementor-widget-image\" data-id=\"7784ce4\" data-element_type=\"widget\" data-e-type=\"widget\" data-widget_type=\"image.default\">\n\t\t\t\t<div class=\"elementor-widget-container\">\n\t\t\t\t\t\t\t\t\t\t\t\t\t\t\t<img fetchpriority=\"high\" decoding=\"async\" width=\"1610\" height=\"346\" src=\"https:\/\/studiaton.co\/home\/wp-content\/uploads\/2025\/07\/maqueta_Mesa-de-trabajo-1-1.png\" class=\"attachment-full size-full wp-image-5987\" alt=\"\" srcset=\"https:\/\/studiaton.co\/home\/wp-content\/uploads\/2025\/07\/maqueta_Mesa-de-trabajo-1-1.png 1610w, https:\/\/studiaton.co\/home\/wp-content\/uploads\/2025\/07\/maqueta_Mesa-de-trabajo-1-1-300x64.png 300w, https:\/\/studiaton.co\/home\/wp-content\/uploads\/2025\/07\/maqueta_Mesa-de-trabajo-1-1-1024x220.png 1024w, https:\/\/studiaton.co\/home\/wp-content\/uploads\/2025\/07\/maqueta_Mesa-de-trabajo-1-1-768x165.png 768w, https:\/\/studiaton.co\/home\/wp-content\/uploads\/2025\/07\/maqueta_Mesa-de-trabajo-1-1-1536x330.png 1536w\" sizes=\"(max-width: 1610px) 100vw, 1610px\" \/>\t\t\t\t\t\t\t\t\t\t\t\t\t\t\t<\/div>\n\t\t\t\t<\/div>\n\t\t\t\t\t<\/div>\n\t\t\t\t<\/div>\n\t\t<div class=\"elementor-element elementor-element-abc2ddf elementor-hidden-desktop e-flex e-con-boxed e-con e-parent\" data-id=\"abc2ddf\" data-element_type=\"container\" data-e-type=\"container\">\n\t\t\t\t\t<div class=\"e-con-inner\">\n\t\t\t\t<div class=\"elementor-element elementor-element-000326e elementor-widget elementor-widget-image\" data-id=\"000326e\" data-element_type=\"widget\" data-e-type=\"widget\" data-widget_type=\"image.default\">\n\t\t\t\t<div class=\"elementor-widget-container\">\n\t\t\t\t\t\t\t\t\t\t\t\t\t\t\t<img decoding=\"async\" width=\"942\" height=\"444\" src=\"https:\/\/studiaton.co\/home\/wp-content\/uploads\/2025\/07\/maqueta_Mesa-de-trabajo-1-copia-1.png\" class=\"attachment-full size-full wp-image-5991\" alt=\"\" srcset=\"https:\/\/studiaton.co\/home\/wp-content\/uploads\/2025\/07\/maqueta_Mesa-de-trabajo-1-copia-1.png 942w, https:\/\/studiaton.co\/home\/wp-content\/uploads\/2025\/07\/maqueta_Mesa-de-trabajo-1-copia-1-300x141.png 300w, https:\/\/studiaton.co\/home\/wp-content\/uploads\/2025\/07\/maqueta_Mesa-de-trabajo-1-copia-1-768x362.png 768w\" sizes=\"(max-width: 942px) 100vw, 942px\" \/>\t\t\t\t\t\t\t\t\t\t\t\t\t\t\t<\/div>\n\t\t\t\t<\/div>\n\t\t\t\t\t<\/div>\n\t\t\t\t<\/div>\n\t\t<div class=\"elementor-element elementor-element-cb093cb e-flex e-con-boxed e-con e-parent\" data-id=\"cb093cb\" data-element_type=\"container\" data-e-type=\"container\">\n\t\t\t\t\t<div class=\"e-con-inner\">\n\t\t<div class=\"elementor-element elementor-element-06a60e3 e-con-full e-flex e-con e-child\" data-id=\"06a60e3\" data-element_type=\"container\" data-e-type=\"container\">\n\t\t<div class=\"elementor-element elementor-element-48981da e-con-full e-flex e-con e-child\" data-id=\"48981da\" data-element_type=\"container\" data-e-type=\"container\">\n\t\t\t\t<div class=\"elementor-element elementor-element-cf8c3ba elementor-widget elementor-widget-heading\" data-id=\"cf8c3ba\" data-element_type=\"widget\" data-e-type=\"widget\" data-widget_type=\"heading.default\">\n\t\t\t\t<div class=\"elementor-widget-container\">\n\t\t\t\t\t<h2 class=\"elementor-heading-title elementor-size-default\">Quiero apoyar a <BR>\nun beneficiario<\/h2>\t\t\t\t<\/div>\n\t\t\t\t<\/div>\n\t\t\t\t<div class=\"elementor-element elementor-element-011334c elementor-widget elementor-widget-text-editor\" data-id=\"011334c\" data-element_type=\"widget\" data-e-type=\"widget\" data-widget_type=\"text-editor.default\">\n\t\t\t\t<div class=\"elementor-widget-container\">\n\t\t\t\t\t\t\t\t\t<p>Mediante esta opci\u00f3n podr\u00e1s elegir la historia del estudiante con la que te sientas mayormente identificado y visualizar la cantidad de dinero que este requiere para su matr\u00edcula, teniendo la opci\u00f3n de donar el total o parcial al monto. Una vez elijas al estudiante que desees apoyar, deber\u00e1s diligenciar un formulario de donaci\u00f3n, revisar los documentos legales que la acompa\u00f1an y se\u00f1alar si deseas hacer tu donaci\u00f3n de forma p\u00fablica, autorizando a la Americana al uso de tu imagen para visualizarla en el HALL DE SOLIDARIOS o prefieres hacer la donaci\u00f3n sin personalizarla.<\/p>\t\t\t\t\t\t\t\t<\/div>\n\t\t\t\t<\/div>\n\t\t\t\t<div class=\"elementor-element elementor-element-fc01e18 elementor-align-center elementor-widget elementor-widget-button\" data-id=\"fc01e18\" data-element_type=\"widget\" data-e-type=\"widget\" data-widget_type=\"button.default\">\n\t\t\t\t<div class=\"elementor-widget-container\">\n\t\t\t\t\t\t\t\t\t<div class=\"elementor-button-wrapper\">\n\t\t\t\t\t<a class=\"elementor-button elementor-button-link elementor-size-sm\" href=\"https:\/\/studiaton.co\/home\/historia\">\n\t\t\t\t\t\t<span class=\"elementor-button-content-wrapper\">\n\t\t\t\t\t\t\t\t\t<span class=\"elementor-button-text\">Quiero seleccionar al (los) beneficiario (s) <\/span>\n\t\t\t\t\t<\/span>\n\t\t\t\t\t<\/a>\n\t\t\t\t<\/div>\n\t\t\t\t\t\t\t\t<\/div>\n\t\t\t\t<\/div>\n\t\t\t\t<\/div>\n\t\t\t\t<\/div>\n\t\t<div class=\"elementor-element elementor-element-c4f4205 e-con-full e-flex e-con e-child\" data-id=\"c4f4205\" data-element_type=\"container\" data-e-type=\"container\">\n\t\t<div class=\"elementor-element elementor-element-1be51d6 e-con-full e-flex e-con e-child\" data-id=\"1be51d6\" data-element_type=\"container\" data-e-type=\"container\">\n\t\t\t\t<div class=\"elementor-element elementor-element-4a00e44 elementor-widget elementor-widget-heading\" data-id=\"4a00e44\" data-element_type=\"widget\" data-e-type=\"widget\" data-widget_type=\"heading.default\">\n\t\t\t\t<div class=\"elementor-widget-container\">\n\t\t\t\t\t<h2 class=\"elementor-heading-title elementor-size-default\">Quiero apoyar la<br>\ncausa general<\/h2>\t\t\t\t<\/div>\n\t\t\t\t<\/div>\n\t\t\t\t<div class=\"elementor-element elementor-element-792d845 elementor-widget elementor-widget-text-editor\" data-id=\"792d845\" data-element_type=\"widget\" data-e-type=\"widget\" data-widget_type=\"text-editor.default\">\n\t\t\t\t<div class=\"elementor-widget-container\">\n\t\t\t\t\t\t\t\t\t<p>Aqu\u00ed podr\u00e1s hacer tu aporte en una destinaci\u00f3n general, sin seleccionar al beneficiario que deseas apoyar. El Comit\u00e9 de Donaciones distribuir\u00e1 ese dinero, en partes iguales, entre los estudiantes que no sean seleccionados bajo la modalidad anterior.<br \/>Una vez elijas esta opci\u00f3n, deber\u00e1s diligenciar un formulario, revisar los documentos legales que la acompa\u00f1an y se\u00f1alar si deseas autorizar a la Americana al uso de tu imagen para visualizarla en el HALL DE LOS SOLIDARIOS o prefieres hacerla sin personalizarla.\u00a0<\/p>\t\t\t\t\t\t\t\t<\/div>\n\t\t\t\t<\/div>\n\t\t\t\t<div class=\"elementor-element elementor-element-58191cd elementor-align-center elementor-widget elementor-widget-button\" data-id=\"58191cd\" data-element_type=\"widget\" data-e-type=\"widget\" data-widget_type=\"button.default\">\n\t\t\t\t<div class=\"elementor-widget-container\">\n\t\t\t\t\t\t\t\t\t<div class=\"elementor-button-wrapper\">\n\t\t\t\t\t<a class=\"elementor-button elementor-button-link elementor-size-sm\" href=\"https:\/\/studiaton.co\/aportes\/formulario\">\n\t\t\t\t\t\t<span class=\"elementor-button-content-wrapper\">\n\t\t\t\t\t\t\t\t\t<span class=\"elementor-button-text\">Quiero aportar a la bolsa general<\/span>\n\t\t\t\t\t<\/span>\n\t\t\t\t\t<\/a>\n\t\t\t\t<\/div>\n\t\t\t\t\t\t\t\t<\/div>\n\t\t\t\t<\/div>\n\t\t\t\t<div class=\"elementor-element elementor-element-9f7abd9 elementor-align-center elementor-hidden-desktop elementor-hidden-tablet elementor-hidden-mobile elementor-widget elementor-widget-button\" data-id=\"9f7abd9\" data-element_type=\"widget\" data-e-type=\"widget\" data-widget_type=\"button.default\">\n\t\t\t\t<div class=\"elementor-widget-container\">\n\t\t\t\t\t\t\t\t\t<div class=\"elementor-button-wrapper\">\n\t\t\t\t\t<a class=\"elementor-button elementor-button-link elementor-size-sm\" href=\"https:\/\/studiaton.co\/aportes\/formulario\">\n\t\t\t\t\t\t<span class=\"elementor-button-content-wrapper\">\n\t\t\t\t\t\t\t\t\t<span class=\"elementor-button-text\">Quiero aportar a la bolsa general<\/span>\n\t\t\t\t\t<\/span>\n\t\t\t\t\t<\/a>\n\t\t\t\t<\/div>\n\t\t\t\t\t\t\t\t<\/div>\n\t\t\t\t<\/div>\n\t\t\t\t<\/div>\n\t\t\t\t<\/div>\n\t\t\t\t\t<\/div>\n\t\t\t\t<\/div>\n\t\t<div class=\"elementor-element elementor-element-2391aed e-flex e-con-boxed e-con e-parent\" data-id=\"2391aed\" data-element_type=\"container\" data-e-type=\"container\">\n\t\t\t\t\t<div class=\"e-con-inner\">\n\t\t\t\t<div class=\"elementor-element elementor-element-0d46a39 elementor-widget__width-initial elementor-hidden-tablet elementor-hidden-mobile elementor-widget elementor-widget-image\" data-id=\"0d46a39\" data-element_type=\"widget\" data-e-type=\"widget\" data-widget_type=\"image.default\">\n\t\t\t\t<div class=\"elementor-widget-container\">\n\t\t\t\t\t\t\t\t\t\t\t\t\t\t\t<img loading=\"lazy\" decoding=\"async\" width=\"441\" height=\"476\" src=\"https:\/\/studiaton.co\/home\/wp-content\/uploads\/2024\/09\/charity-1.png\" class=\"attachment-medium_large size-medium_large wp-image-3980\" alt=\"\" srcset=\"https:\/\/studiaton.co\/home\/wp-content\/uploads\/2024\/09\/charity-1.png 441w, https:\/\/studiaton.co\/home\/wp-content\/uploads\/2024\/09\/charity-1-278x300.png 278w\" sizes=\"(max-width: 441px) 100vw, 441px\" \/>\t\t\t\t\t\t\t\t\t\t\t\t\t\t\t<\/div>\n\t\t\t\t<\/div>\n\t\t\t\t<div class=\"elementor-element elementor-element-113332b elementor-widget elementor-widget-heading\" data-id=\"113332b\" data-element_type=\"widget\" data-e-type=\"widget\" data-widget_type=\"heading.default\">\n\t\t\t\t<div class=\"elementor-widget-container\">\n\t\t\t\t\t<h2 class=\"elementor-heading-title elementor-size-default\"><a href=\"https:\/\/studiaton.co\/home\/wp-content\/uploads\/2025\/07\/CAMPANA-STUDIATON-APORTES-EN-LINEA.pdf\">\u00a0T\u00e9rminos y condiciones de uso de Studiaton<\/a><\/h2>\t\t\t\t<\/div>\n\t\t\t\t<\/div>\n\t\t\t\t\t<\/div>\n\t\t\t\t<\/div>\n\t\t<div class=\"elementor-element elementor-element-06ce872 elementor-hidden-desktop elementor-hidden-tablet elementor-hidden-mobile e-flex e-con-boxed e-con e-parent\" data-id=\"06ce872\" data-element_type=\"container\" data-e-type=\"container\">\n\t\t\t\t\t<div class=\"e-con-inner\">\n\t\t<div class=\"elementor-element elementor-element-fff6a85 e-con-full e-flex e-con e-child\" data-id=\"fff6a85\" data-element_type=\"container\" data-e-type=\"container\" id=\"cargosoporte\" data-settings=\"{&quot;background_background&quot;:&quot;classic&quot;}\">\n\t\t\t\t<div class=\"elementor-element elementor-element-8febd79 elementor-widget elementor-widget-html\" data-id=\"8febd79\" data-element_type=\"widget\" data-e-type=\"widget\" data-widget_type=\"html.default\">\n\t\t\t\t<div class=\"elementor-widget-container\">\n\t\t\t\t\t<iframe src=\"https:\/\/studiaton.co\/aportes\/soporte\" width=\"100%\" height=\"600\" style=\"border:none;\"><\/iframe>\r\n\t\t\t\t<\/div>\n\t\t\t\t<\/div>\n\t\t\t\t<\/div>\n\t\t\t\t\t<\/div>\n\t\t\t\t<\/div>\n\t\t\t\t<\/div>\n\t\t","protected":false},"excerpt":{"rendered":"<p>Inicio Prop\u00f3sito Historias Hall Cont\u00e1ctanos Blog Hamburger Toggle Menu Donar Donar Quiero apoyar a un beneficiario Mediante esta opci\u00f3n podr\u00e1s elegir la historia del estudiante con la que te sientas mayormente identificado y visualizar la cantidad de dinero que este requiere para su matr\u00edcula, teniendo la opci\u00f3n de donar el total o parcial al monto. [&hellip;]<\/p>\n","protected":false},"author":1,"featured_media":0,"parent":0,"menu_order":0,"comment_status":"closed","ping_status":"closed","template":"","meta":{"_acf_changed":false,"footnotes":""},"class_list":["post-671","page","type-page","status-publish","hentry"],"acf":[],"_links":{"self":[{"href":"https:\/\/studiaton.co\/home\/wp-json\/wp\/v2\/pages\/671","targetHints":{"allow":["GET"]}}],"collection":[{"href":"https:\/\/studiaton.co\/home\/wp-json\/wp\/v2\/pages"}],"about":[{"href":"https:\/\/studiaton.co\/home\/wp-json\/wp\/v2\/types\/page"}],"author":[{"embeddable":true,"href":"https:\/\/studiaton.co\/home\/wp-json\/wp\/v2\/users\/1"}],"replies":[{"embeddable":true,"href":"https:\/\/studiaton.co\/home\/wp-json\/wp\/v2\/comments?post=671"}],"version-history":[{"count":27,"href":"https:\/\/studiaton.co\/home\/wp-json\/wp\/v2\/pages\/671\/revisions"}],"predecessor-version":[{"id":6844,"href":"https:\/\/studiaton.co\/home\/wp-json\/wp\/v2\/pages\/671\/revisions\/6844"}],"wp:attachment":[{"href":"https:\/\/studiaton.co\/home\/wp-json\/wp\/v2\/media?parent=671"}],"curies":[{"name":"wp","href":"https:\/\/api.w.org\/{rel}","templated":true}]}}