{"id":6411,"date":"2025-09-22T15:30:50","date_gmt":"2025-09-22T20:30:50","guid":{"rendered":"https:\/\/studiaton.co\/home\/?page_id=6411"},"modified":"2026-04-20T21:46:01","modified_gmt":"2026-04-21T02:46:01","slug":"aura-gallo-sanchez","status":"publish","type":"page","link":"https:\/\/studiaton.co\/home\/historia\/aura-gallo-sanchez\/","title":{"rendered":"Aura Gallo S\u00e1nchez"},"content":{"rendered":"\t\t<div data-elementor-type=\"wp-page\" data-elementor-id=\"6411\" class=\"elementor elementor-6411\" data-elementor-post-type=\"page\">\n\t\t\t\t<div class=\"elementor-element elementor-element-c234202 e-flex e-con-boxed e-con e-parent\" data-id=\"c234202\" data-element_type=\"container\" data-e-type=\"container\">\n\t\t\t\t\t<div class=\"e-con-inner\">\n\t\t<div class=\"elementor-element elementor-element-9da016f e-con-full e-flex e-con e-child\" data-id=\"9da016f\" data-element_type=\"container\" data-e-type=\"container\">\n\t\t<div class=\"elementor-element elementor-element-bc9a21a e-con-full e-flex e-con e-child\" data-id=\"bc9a21a\" data-element_type=\"container\" data-e-type=\"container\">\n\t\t<div class=\"elementor-element elementor-element-1cb48ce e-con-full e-flex e-con e-child\" data-id=\"1cb48ce\" data-element_type=\"container\" data-e-type=\"container\" data-settings=\"{&quot;background_background&quot;:&quot;classic&quot;}\">\n\t\t\t\t<\/div>\n\t\t<div class=\"elementor-element elementor-element-ae84479 e-con-full e-flex e-con e-child\" data-id=\"ae84479\" data-element_type=\"container\" data-e-type=\"container\">\n\t\t<div class=\"elementor-element elementor-element-cce341a e-con-full e-flex e-con e-child\" data-id=\"cce341a\" data-element_type=\"container\" data-e-type=\"container\">\n\t\t\t\t<div class=\"elementor-element elementor-element-4093bcf elementor-widget__width-initial elementor-widget elementor-widget-image\" data-id=\"4093bcf\" data-element_type=\"widget\" data-e-type=\"widget\" data-widget_type=\"image.default\">\n\t\t\t\t<div class=\"elementor-widget-container\">\n\t\t\t\t\t\t\t\t\t\t\t\t\t\t\t<img fetchpriority=\"high\" decoding=\"async\" width=\"250\" height=\"250\" src=\"https:\/\/studiaton.co\/home\/wp-content\/uploads\/2025\/09\/Ellipse-5.png\" class=\"attachment-medium_large size-medium_large wp-image-6412\" alt=\"\" srcset=\"https:\/\/studiaton.co\/home\/wp-content\/uploads\/2025\/09\/Ellipse-5.png 250w, https:\/\/studiaton.co\/home\/wp-content\/uploads\/2025\/09\/Ellipse-5-150x150.png 150w\" sizes=\"(max-width: 250px) 100vw, 250px\" \/>\t\t\t\t\t\t\t\t\t\t\t\t\t\t\t<\/div>\n\t\t\t\t<\/div>\n\t\t\t\t<div class=\"elementor-element elementor-element-2cf078a elementor-widget elementor-widget-heading\" data-id=\"2cf078a\" data-element_type=\"widget\" data-e-type=\"widget\" data-widget_type=\"heading.default\">\n\t\t\t\t<div class=\"elementor-widget-container\">\n\t\t\t\t\t<h2 class=\"elementor-heading-title elementor-size-default\">Aura Gallo S\u00e1nchez<\/h2>\t\t\t\t<\/div>\n\t\t\t\t<\/div>\n\t\t<div class=\"elementor-element elementor-element-aa933a0 e-con-full e-flex e-con e-child\" data-id=\"aa933a0\" data-element_type=\"container\" data-e-type=\"container\">\n\t\t\t\t<div class=\"elementor-element elementor-element-e22449e elementor-widget elementor-widget-text-editor\" data-id=\"e22449e\" data-element_type=\"widget\" data-e-type=\"widget\" data-widget_type=\"text-editor.default\">\n\t\t\t\t<div class=\"elementor-widget-container\">\n\t\t\t\t\t\t\t\t\t# 1041324372\t\t\t\t\t\t\t\t<\/div>\n\t\t\t\t<\/div>\n\t\t\t\t<div class=\"elementor-element elementor-element-6a9ef13 elementor-widget elementor-widget-text-editor\" data-id=\"6a9ef13\" data-element_type=\"widget\" data-e-type=\"widget\" data-widget_type=\"text-editor.default\">\n\t\t\t\t<div class=\"elementor-widget-container\">\n\t\t\t\t\t\t\t\t\tAdministraci\u00f3n de Empresas\t\t\t\t\t\t\t\t<\/div>\n\t\t\t\t<\/div>\n\t\t\t\t<div class=\"elementor-element elementor-element-5eb3e0f elementor-widget__width-initial elementor-widget elementor-widget-heading\" data-id=\"5eb3e0f\" data-element_type=\"widget\" data-e-type=\"widget\" data-widget_type=\"heading.default\">\n\t\t\t\t<div class=\"elementor-widget-container\">\n\t\t\t\t\t<h2 class=\"elementor-heading-title elementor-size-default\">Virtual<\/h2>\t\t\t\t<\/div>\n\t\t\t\t<\/div>\n\t\t\t\t<\/div>\n\t\t\t\t<\/div>\n\t\t<div class=\"elementor-element elementor-element-88788cd e-con-full e-flex e-con e-child\" data-id=\"88788cd\" data-element_type=\"container\" data-e-type=\"container\">\n\t\t\t\t<div class=\"elementor-element elementor-element-9c96dcb elementor-widget elementor-widget-button\" data-id=\"9c96dcb\" data-element_type=\"widget\" data-e-type=\"widget\" data-widget_type=\"button.default\">\n\t\t\t\t<div class=\"elementor-widget-container\">\n\t\t\t\t\t\t\t\t\t<div class=\"elementor-button-wrapper\">\n\t\t\t\t\t<a class=\"elementor-button elementor-button-link elementor-size-sm\" href=\"https:\/\/studiaton.co\/aportes\/formulario?idpostulacion=464\">\n\t\t\t\t\t\t<span class=\"elementor-button-content-wrapper\">\n\t\t\t\t\t\t\t\t\t<span class=\"elementor-button-text\">Haz tu aporte<\/span>\n\t\t\t\t\t<\/span>\n\t\t\t\t\t<\/a>\n\t\t\t\t<\/div>\n\t\t\t\t\t\t\t\t<\/div>\n\t\t\t\t<\/div>\n\t\t\t\t<\/div>\n\t\t\t\t<\/div>\n\t\t<div class=\"elementor-element elementor-element-8ac7e97 e-con-full e-flex e-con e-child\" data-id=\"8ac7e97\" data-element_type=\"container\" data-e-type=\"container\">\n\t\t<div class=\"elementor-element elementor-element-a8d1b2c e-con-full e-flex e-con e-child\" data-id=\"a8d1b2c\" data-element_type=\"container\" data-e-type=\"container\">\n\t\t<div class=\"elementor-element elementor-element-90bccfb e-con-full e-flex e-con e-child\" data-id=\"90bccfb\" data-element_type=\"container\" data-e-type=\"container\">\n\t\t\t\t<div class=\"elementor-element elementor-element-348c659 elementor-widget elementor-widget-heading\" data-id=\"348c659\" data-element_type=\"widget\" data-e-type=\"widget\" data-widget_type=\"heading.default\">\n\t\t\t\t<div class=\"elementor-widget-container\">\n\t\t\t\t\t<h2 class=\"elementor-heading-title elementor-size-default\">Recaudado <\/h2>\t\t\t\t<\/div>\n\t\t\t\t<\/div>\n\t\t\t\t<div class=\"elementor-element elementor-element-3162037 elementor-widget elementor-widget-text-editor\" data-id=\"3162037\" data-element_type=\"widget\" data-e-type=\"widget\" data-widget_type=\"text-editor.default\">\n\t\t\t\t<div class=\"elementor-widget-container\">\n\t\t\t\t\t\t\t\t\t $1.235.533\t\t\t\t\t\t\t\t<\/div>\n\t\t\t\t<\/div>\n\t\t\t\t<\/div>\n\t\t<div class=\"elementor-element elementor-element-b527cad e-con-full e-flex e-con e-child\" data-id=\"b527cad\" data-element_type=\"container\" data-e-type=\"container\">\n\t\t\t\t<div class=\"elementor-element elementor-element-fb147b7 elementor-widget elementor-widget-heading\" data-id=\"fb147b7\" data-element_type=\"widget\" data-e-type=\"widget\" data-widget_type=\"heading.default\">\n\t\t\t\t<div class=\"elementor-widget-container\">\n\t\t\t\t\t<h2 class=\"elementor-heading-title elementor-size-default\">Total <\/h2>\t\t\t\t<\/div>\n\t\t\t\t<\/div>\n\t\t\t\t<div class=\"elementor-element elementor-element-a86b87c elementor-widget elementor-widget-text-editor\" data-id=\"a86b87c\" data-element_type=\"widget\" data-e-type=\"widget\" data-widget_type=\"text-editor.default\">\n\t\t\t\t<div class=\"elementor-widget-container\">\n\t\t\t\t\t\t\t\t\t $1.895.256\t\t\t\t\t\t\t\t<\/div>\n\t\t\t\t<\/div>\n\t\t\t\t<\/div>\n\t\t\t\t<\/div>\n\t\t<div class=\"elementor-element elementor-element-67ed42b e-con-full e-flex e-con e-child\" data-id=\"67ed42b\" data-element_type=\"container\" data-e-type=\"container\">\n\t\t\t\t<div class=\"elementor-element elementor-element-56eaf92 elementor-widget elementor-widget-progress\" data-id=\"56eaf92\" data-element_type=\"widget\" data-e-type=\"widget\" data-widget_type=\"progress.default\">\n\t\t\t\t<div class=\"elementor-widget-container\">\n\t\t\t\t\t\n\t\t<div class=\"elementor-progress-wrapper\" role=\"progressbar\" aria-valuemin=\"0\" aria-valuemax=\"100\" aria-valuenow=\"65.19\">\n\t\t\t<div class=\"elementor-progress-bar\" data-max=\"65.19\">\n\t\t\t\t<span class=\"elementor-progress-text\"><\/span>\n\t\t\t\t\t\t\t\t\t<span class=\"elementor-progress-percentage\">65.19%<\/span>\n\t\t\t\t\t\t\t<\/div>\n\t\t<\/div>\n\t\t\t\t\t\t<\/div>\n\t\t\t\t<\/div>\n\t\t\t\t<\/div>\n\t\t\t\t<\/div>\n\t\t\t\t<\/div>\n\t\t\t\t<\/div>\n\t\t<div class=\"elementor-element elementor-element-4bf957b e-con-full e-flex e-con e-child\" data-id=\"4bf957b\" data-element_type=\"container\" data-e-type=\"container\" data-settings=\"{&quot;background_background&quot;:&quot;classic&quot;}\">\n\t\t\t\t<div class=\"elementor-element elementor-element-4a244ed elementor-arrows-position-inside elementor-widget elementor-widget-image-carousel\" data-id=\"4a244ed\" data-element_type=\"widget\" data-e-type=\"widget\" data-settings=\"{&quot;slides_to_show&quot;:&quot;1&quot;,&quot;navigation&quot;:&quot;arrows&quot;,&quot;autoplay&quot;:&quot;yes&quot;,&quot;pause_on_hover&quot;:&quot;yes&quot;,&quot;pause_on_interaction&quot;:&quot;yes&quot;,&quot;autoplay_speed&quot;:5000,&quot;infinite&quot;:&quot;yes&quot;,&quot;effect&quot;:&quot;slide&quot;,&quot;speed&quot;:500}\" data-widget_type=\"image-carousel.default\">\n\t\t\t\t<div class=\"elementor-widget-container\">\n\t\t\t\t\t\t\t<div class=\"elementor-image-carousel-wrapper swiper\" role=\"region\" aria-roledescription=\"carousel\" aria-label=\"Carrusel de im\u00e1genes\" dir=\"ltr\">\n\t\t\t<div class=\"elementor-image-carousel swiper-wrapper\" aria-live=\"off\">\n\t\t\t\t\t\t\t\t<div class=\"swiper-slide\" role=\"group\" aria-roledescription=\"slide\" aria-label=\"1 of 3\"><figure class=\"swiper-slide-inner\"><img decoding=\"async\" class=\"swiper-slide-image\" src=\"https:\/\/studiaton.co\/home\/wp-content\/uploads\/2025\/09\/FOTO-ANDREA-LEYENDO-11.jpg\" alt=\"FOTO ANDREA LEYENDO (11)\" \/><\/figure><\/div><div class=\"swiper-slide\" role=\"group\" aria-roledescription=\"slide\" aria-label=\"2 of 3\"><figure class=\"swiper-slide-inner\"><img decoding=\"async\" class=\"swiper-slide-image\" src=\"https:\/\/studiaton.co\/home\/wp-content\/uploads\/2025\/09\/FOTO-ANDREA-LEYENDO-10.jpg\" alt=\"FOTO ANDREA LEYENDO (10)\" \/><\/figure><\/div><div class=\"swiper-slide\" role=\"group\" aria-roledescription=\"slide\" aria-label=\"3 of 3\"><figure class=\"swiper-slide-inner\"><img decoding=\"async\" class=\"swiper-slide-image\" src=\"https:\/\/studiaton.co\/home\/wp-content\/uploads\/2025\/10\/FOTO-ANDREA-DEPORTE-23.jpg\" alt=\"FOTO ANDREA DEPORTE (23)\" \/><\/figure><\/div>\t\t\t<\/div>\n\t\t\t\t\t\t\t\t\t\t\t\t<div class=\"elementor-swiper-button elementor-swiper-button-prev\" role=\"button\" tabindex=\"0\">\n\t\t\t\t\t\t<i aria-hidden=\"true\" class=\"eicon-chevron-left\"><\/i>\t\t\t\t\t<\/div>\n\t\t\t\t\t<div class=\"elementor-swiper-button elementor-swiper-button-next\" role=\"button\" tabindex=\"0\">\n\t\t\t\t\t\t<i aria-hidden=\"true\" class=\"eicon-chevron-right\"><\/i>\t\t\t\t\t<\/div>\n\t\t\t\t\n\t\t\t\t\t\t\t\t\t<\/div>\n\t\t\t\t\t\t<\/div>\n\t\t\t\t<\/div>\n\t\t\t\t<\/div>\n\t\t\t\t\t<\/div>\n\t\t\t\t<\/div>\n\t\t<div class=\"elementor-element elementor-element-0bc5099 e-flex e-con-boxed e-con e-parent\" data-id=\"0bc5099\" data-element_type=\"container\" data-e-type=\"container\">\n\t\t\t\t\t<div class=\"e-con-inner\">\n\t\t<div class=\"elementor-element elementor-element-a8cd073 e-con-full e-flex e-con e-child\" data-id=\"a8cd073\" data-element_type=\"container\" data-e-type=\"container\" data-settings=\"{&quot;background_background&quot;:&quot;classic&quot;}\">\n\t\t\t\t<div class=\"elementor-element elementor-element-a4e5dbf elementor-widget elementor-widget-text-editor\" data-id=\"a4e5dbf\" data-element_type=\"widget\" data-e-type=\"widget\" data-widget_type=\"text-editor.default\">\n\t\t\t\t<div class=\"elementor-widget-container\">\n\t\t\t\t\t\t\t\t\tAgradezco profundamente a la universidad y a Studiaton 6.0 la oportunidad que me brinda, ya que no solo representa apoyo econ\u00f3mico, sino tambi\u00e9n un voto de confianza en mi formaci\u00f3n acad\u00e9mica.  Ser adem\u00e1s un motivo de orgullo en mi familia, representa una gran satisfacci\u00f3n personal, al poder lograr la meta de la graduaci\u00f3n.\t\t\t\t\t\t\t\t<\/div>\n\t\t\t\t<\/div>\n\t\t\t\t<\/div>\n\t\t\t\t\t<\/div>\n\t\t\t\t<\/div>\n\t\t<div class=\"elementor-element elementor-element-0363f17 e-flex e-con-boxed e-con e-parent\" data-id=\"0363f17\" data-element_type=\"container\" data-e-type=\"container\">\n\t\t\t\t\t<div class=\"e-con-inner\">\n\t\t\t\t<div class=\"elementor-element elementor-element-1cd9196 elementor-widget elementor-widget-video\" data-id=\"1cd9196\" data-element_type=\"widget\" data-e-type=\"widget\" data-settings=\"{&quot;youtube_url&quot;:&quot;https:\\\/\\\/youtu.be\\\/1gF4akToak0&quot;,&quot;video_type&quot;:&quot;youtube&quot;,&quot;controls&quot;:&quot;yes&quot;}\" data-widget_type=\"video.default\">\n\t\t\t\t<div class=\"elementor-widget-container\">\n\t\t\t\t\t\t\t<div class=\"elementor-wrapper elementor-open-inline\">\n\t\t\t<div class=\"elementor-video\"><\/div>\t\t<\/div>\n\t\t\t\t\t\t<\/div>\n\t\t\t\t<\/div>\n\t\t\t\t\t<\/div>\n\t\t\t\t<\/div>\n\t\t\t\t<\/div>\n\t\t","protected":false},"excerpt":{"rendered":"<p>Haz tu aporte Recaudado Total<\/p>\n","protected":false},"author":2,"featured_media":0,"parent":510,"menu_order":0,"comment_status":"closed","ping_status":"closed","template":"","meta":{"_acf_changed":false,"footnotes":""},"class_list":["post-6411","page","type-page","status-publish","hentry"],"acf":[],"_links":{"self":[{"href":"https:\/\/studiaton.co\/home\/wp-json\/wp\/v2\/pages\/6411","targetHints":{"allow":["GET"]}}],"collection":[{"href":"https:\/\/studiaton.co\/home\/wp-json\/wp\/v2\/pages"}],"about":[{"href":"https:\/\/studiaton.co\/home\/wp-json\/wp\/v2\/types\/page"}],"author":[{"embeddable":true,"href":"https:\/\/studiaton.co\/home\/wp-json\/wp\/v2\/users\/2"}],"replies":[{"embeddable":true,"href":"https:\/\/studiaton.co\/home\/wp-json\/wp\/v2\/comments?post=6411"}],"version-history":[{"count":16,"href":"https:\/\/studiaton.co\/home\/wp-json\/wp\/v2\/pages\/6411\/revisions"}],"predecessor-version":[{"id":6944,"href":"https:\/\/studiaton.co\/home\/wp-json\/wp\/v2\/pages\/6411\/revisions\/6944"}],"up":[{"embeddable":true,"href":"https:\/\/studiaton.co\/home\/wp-json\/wp\/v2\/pages\/510"}],"wp:attachment":[{"href":"https:\/\/studiaton.co\/home\/wp-json\/wp\/v2\/media?parent=6411"}],"curies":[{"name":"wp","href":"https:\/\/api.w.org\/{rel}","templated":true}]}}